{"id":1777,"date":"2013-10-20T13:42:18","date_gmt":"2013-10-20T13:42:18","guid":{"rendered":"http:\/\/beta.unitedthemes.com\/onepage\/?page_id=1777"},"modified":"2019-02-14T18:53:26","modified_gmt":"2019-02-14T17:53:26","slug":"about-the-bklyn-guys","status":"publish","type":"page","link":"http:\/\/www.pizzagora.com\/index.php\/about-the-bklyn-guys\/","title":{"rendered":"Qui sommes-nous ?"},"content":{"rendered":"<p>[vc_row][vc_column][\/vc_column][\/vc_row][vc_row][vc_column width=\u00a0\u00bb1\/3&Prime;]<div class=\"wpb_content_element \"><div id=\"utbx_o_69f37c81ef6c0\" class=\"ut-service-icon-box  clearfix  ut-service-icon-box-center\"><style type=\"text\/css\">#utbx_69f37c81ef6bf { background:#ffffff; }#utbx_69f37c81ef6bf:hover { background: #ffffff; } #utbx_69f37c81ef6bf:after { box-shadow: 0 0 0 4px #ffffff; } #utbx_69f37c81ef6bf { color:#7f2726; }<\/style><div class=\"ut-highlight-icon-wrap ut-highlight-icon-effect\"><a id=\"utbx_69f37c81ef6bf\" data-id=\"utbx_69f37c81ef6bf\" data-hovercolor=\"#ffffff\"   class=\"ut-highlight-icon fa fa-envira\" href=\"#\" target=\"_blank\"><\/a><\/div><div class=\"ut-service-icon-box-content\"><h3>Des ingr\u00e9dients frais<\/h3><p>Pizzagora s\u00e9lectionne pour composer ses pizzas et plats les meilleurs ingr\u00e9dients. Notre p\u00e2te est r\u00e9alis\u00e9e chez nous, chaque jour, pour vous proposer le meilleur.<\/p><\/div><\/div><\/div>[\/vc_column][vc_column width=\u00a0\u00bb1\/3&Prime;]<div class=\"wpb_content_element \"><div id=\"utbx_o_69f37c81ef73d\" class=\"ut-service-icon-box  clearfix  ut-service-icon-box-center\"><style type=\"text\/css\">#utbx_69f37c81ef73c { background:#ffffff; }#utbx_69f37c81ef73c:hover { background: #ffffff; } #utbx_69f37c81ef73c:after { box-shadow: 0 0 0 4px #ffffff; } #utbx_69f37c81ef73c { color:#7f2726; }<\/style><div class=\"ut-highlight-icon-wrap ut-highlight-icon-effect\"><a id=\"utbx_69f37c81ef73c\" data-id=\"utbx_69f37c81ef73c\" data-hovercolor=\"#ffffff\"   class=\"ut-highlight-icon fa fa-clock-o\" href=\"#\" target=\"_blank\"><\/a><\/div><div class=\"ut-service-icon-box-content\"><h3>Ouvert 7j\/7, midi et soir<\/h3><p>Du lundi au dimanche,<br \/>\n11h-14h 18h-22h<\/p><\/div><\/div><\/div>[\/vc_column][vc_column width=\u00a0\u00bb1\/3&Prime;]<div class=\"wpb_content_element \"><div id=\"utbx_o_69f37c81ef75c\" class=\"ut-service-icon-box  clearfix  ut-service-icon-box-center\"><style type=\"text\/css\">#utbx_69f37c81ef75b { background:#ffffff; }#utbx_69f37c81ef75b:hover { background: #ffffff; } #utbx_69f37c81ef75b:after { box-shadow: 0 0 0 4px #ffffff; } #utbx_69f37c81ef75b { color:#7f2726; }<\/style><div class=\"ut-highlight-icon-wrap ut-highlight-icon-effect\"><a id=\"utbx_69f37c81ef75b\" data-id=\"utbx_69f37c81ef75b\" data-hovercolor=\"#ffffff\"   class=\"ut-highlight-icon fa fa-truck\" href=\"#\" target=\"_blank\"><\/a><\/div><div class=\"ut-service-icon-box-content\"><h3>A emporter ou en livraison<\/h3><p>Livr\u00e9 gratuitement chez vous ou au bureau<\/p><\/div><\/div><\/div>[\/vc_column][\/vc_row]<\/p>\n","protected":false},"excerpt":{"rendered":"<p>[vc_row][vc_column][\/vc_column][\/vc_row][vc_row][vc_column width=\u00a0\u00bb1\/3&Prime;][\/vc_column][vc_column width=\u00a0\u00bb1\/3&Prime;][\/vc_column][vc_column width=\u00a0\u00bb1\/3&Prime;][\/vc_column][\/vc_row]<\/p>\n","protected":false},"author":1,"featured_media":0,"parent":0,"menu_order":0,"comment_status":"closed","ping_status":"open","template":"","meta":{"footnotes":""},"class_list":["post-1777","page","type-page","status-publish","hentry"],"_links":{"self":[{"href":"http:\/\/www.pizzagora.com\/index.php\/wp-json\/wp\/v2\/pages\/1777","targetHints":{"allow":["GET"]}}],"collection":[{"href":"http:\/\/www.pizzagora.com\/index.php\/wp-json\/wp\/v2\/pages"}],"about":[{"href":"http:\/\/www.pizzagora.com\/index.php\/wp-json\/wp\/v2\/types\/page"}],"author":[{"embeddable":true,"href":"http:\/\/www.pizzagora.com\/index.php\/wp-json\/wp\/v2\/users\/1"}],"replies":[{"embeddable":true,"href":"http:\/\/www.pizzagora.com\/index.php\/wp-json\/wp\/v2\/comments?post=1777"}],"version-history":[{"count":10,"href":"http:\/\/www.pizzagora.com\/index.php\/wp-json\/wp\/v2\/pages\/1777\/revisions"}],"predecessor-version":[{"id":3266,"href":"http:\/\/www.pizzagora.com\/index.php\/wp-json\/wp\/v2\/pages\/1777\/revisions\/3266"}],"wp:attachment":[{"href":"http:\/\/www.pizzagora.com\/index.php\/wp-json\/wp\/v2\/media?parent=1777"}],"curies":[{"name":"wp","href":"https:\/\/api.w.org\/{rel}","templated":true}]}}